{"id":1026,"date":"2022-02-02T20:51:42","date_gmt":"2022-02-02T19:51:42","guid":{"rendered":"https:\/\/cay-automotive.hr\/home\/"},"modified":"2025-10-19T15:02:59","modified_gmt":"2025-10-19T13:02:59","slug":"home","status":"publish","type":"page","link":"https:\/\/cay-automotive.hr\/en\/","title":{"rendered":"Home"},"content":{"rendered":"<section class=\"l-section wpb_row slider-na-pocetnoj height_small\"><div class=\"l-section-h i-cf\"><div class=\"g-cols vc_row via_flex valign_middle type_default stacking_default\"><div class=\"vc_col-sm-12 wpb_column vc_column_container\"><div class=\"vc_column-inner\"><div class=\"wpb_wrapper\"><div class=\"wpb_text_column\"><div class=\"wpb_wrapper\">\n\n\n\n\n\n\n\n\n\n\n<div class=\"uk-position-relative uk-visible-toggle uk-light\" tabindex=\"-1\" uk-slider=\"clsActivated: uk-transition-active; center: true; autoplay: true; autoplay-interval: 5000; pause-on-hover: true;\">\n\t    <ul class=\"uk-slider-items uk-grid uk-grid-match\" uk-height-viewport=\"offset-top: true; offset-bottom: 30; min-height: 532;\">\n        <li class=\"uk-width-1-1\">\n            <div uk-slider-parallax=\"scale:0.85,1,0.85; opacity:0.3,1,0.3\" class=\"uk-cover-container\">\n                <div class=\"uk-position-cover\">\n                \t<img decoding=\"async\" src=\"\/wp-content\/uploads\/2022\/09\/slider-03.jpg\" uk-cover>\n\t\t\t\t<\/div>\n                <div class=\"uk-overlay uk-overlay-primary uk-position-bottom uk-text-center uk-transition-slide-bottom\">\n                    <h4 class=\"uk-margin-remove\">Structural Know How and professional competence<\/h4>\n                                    <\/div>\n            <\/div>\n        <\/li>\n\t\t<li class=\"uk-width-1-1\">\n            <div uk-slider-parallax=\"scale:0.85,1,0.85; opacity:0.3,1,0.3\" class=\"uk-cover-container\">\n                <div class=\"uk-position-cover\">\n                \t<img decoding=\"async\" src=\"\/wp-content\/uploads\/2022\/09\/slider-04.jpg\" uk-cover>\n\t\t\t\t<\/div>\n                <div class=\"uk-overlay uk-overlay-primary uk-position-bottom uk-text-center uk-transition-slide-bottom\">\n                    <h4 class=\"uk-margin-remove\">Handwork in perfection<\/h4>\n                                    <\/div>\n            <\/div>\n        <\/li>\n\t\t<li class=\"uk-width-1-1\">\n            <div uk-slider-parallax=\"scale:0.85,1,0.85; opacity:0.3,1,0.3\" class=\"uk-cover-container\">\n                <div class=\"uk-position-cover\">\n                \t<img decoding=\"async\" src=\"\/wp-content\/uploads\/2022\/09\/slider-05.jpg\" uk-cover>\n\t\t\t\t<\/div>\n                <div class=\"uk-overlay uk-overlay-primary uk-position-bottom uk-text-center uk-transition-slide-bottom\">\n                    <h4 class=\"uk-margin-remove\">Traditional handwork<\/h4>\n                                    <\/div>\n            <\/div>\n        <\/li>\n        <li class=\"uk-width-1-1\">\n            <div uk-slider-parallax=\"scale:0.85,1,0.85; opacity:0.3,1,0.3\" class=\"uk-cover-container\">\n                <div class=\"uk-position-cover\">\n                \t<img decoding=\"async\" src=\"\/wp-content\/uploads\/2022\/09\/slider-02.jpg\" uk-cover>\n\t\t\t\t<\/div>\n                <div class=\"uk-overlay uk-overlay-primary uk-position-bottom uk-text-center uk-transition-slide-bottom\">\n                    <h4 class=\"uk-margin-remove\">High quality and precision<\/h4>\n                                    <\/div>\n            <\/div>\n        <\/li>\n\t\t<li class=\"uk-width-1-1\">\n            <div uk-slider-parallax=\"scale:0.85,1,0.85; opacity:0.3,1,0.3\" class=\"uk-cover-container\">\n\t\t\t\t<div class=\"uk-position\">\n\t\t\t\t\t\t\t\t                    \t<img decoding=\"async\" src=\"\/wp-content\/uploads\/2022\/10\/slider-01-final.jpg\" uk-cover>\n\t\t\t\t<\/div>\n\t\t\t\t<div class=\"uk-overlay uk-overlay-primary uk-position-bottom uk-text-center uk-transition-slide-bottom\">\n                    <h4 class=\"uk-margin-remove\"><span class=\"istaknuto-prvo-slovo-2\">C<\/span>ars | <span class=\"istaknuto-prvo-slovo-2\">A<\/span>ir | <span class=\"istaknuto-prvo-slovo-2\">Y<\/span>achting<\/h4>\n                                    <\/div>\n                            <\/div>\n        <\/li>\n    <\/ul>\n\n    <a class=\"uk-position-center-left uk-position-large\" href=\"#\" uk-slidenav-previous uk-slider-item=\"previous\"><\/a>\n    <a class=\"uk-position-center-right uk-position-large\" href=\"#\" uk-slidenav-next uk-slider-item=\"next\"><\/a>\n\n<\/div>\n\n\n<\/div><\/div><\/div><\/div><\/div><\/div><\/div><\/section><section class=\"l-section wpb_row us_custom_4fb9e5a3 height_medium\" id=\"o-nama\"><div class=\"l-section-h i-cf\"><div class=\"g-cols vc_row via_flex valign_top type_default stacking_default\"><div class=\"vc_col-sm-12 wpb_column vc_column_container\"><div class=\"vc_column-inner\"><div class=\"wpb_wrapper\"><div class=\"w-separator hide_on_default hide_on_laptops hide_on_tablets size_large\"><\/div><div class=\"g-cols wpb_row via_flex valign_middle type_default stacking_default\"><div class=\"vc_col-sm-6 wpb_column vc_column_container\"><div class=\"vc_column-inner us_custom_7e20fa79 us_animate_this\"><div class=\"wpb_wrapper\"><div class=\"wpb_text_column with_collapsible_content\" data-content-height=\"380px\"><div class=\"wpb_wrapper\"><h3>Welcome,<\/h3>\n<p>Do you value the special and look for an individual note and an exclusive appearance for your car, airplane or yacht? Then CAY-Automotive is the right place for you. Our experienced team starts there, where modern series production reaches its limits.<\/p>\n<p>With a high amount of professional skills and love for details we produce interior according to your special wishes. The result is guaranteed unique, high quality and lasting value.<\/p>\n<p>We are a reliable partner supporting your project from the first idea, over the development, up to the constructional side or readiness for series production, pre-series and small production series are also a component of our product range. If necessary, we expand our existing machinery with the needed technology.<\/p>\n<p>The name CAY-Automotive stands for high quality, creativity, individuality, innovations and contentedness to our demanding clientele. We connect traditional handwork with modern manufacturing processes.<\/p>\n<p>The experience of over 30 years and the implementation of high quality materials make it possible to fulfill almost every customer request.<\/p>\n<p>We look forward to a success-full cooperation with you, our team is always ready to realize your individual ideas. Feel free to contact us, so we can arrange an individual appointment.<\/p>\n<p>We look forward to your call!<\/p>\n<p>CAY \u2013 Automotive<\/p>\n<\/div><div class=\"toggle-links align_none\"><button class=\"collapsible-content-more\">Show More<\/button><button class=\"collapsible-content-less\">Show Less<\/button><\/div><\/div><\/div><\/div><\/div><div class=\"vc_col-sm-6 wpb_column vc_column_container\"><div class=\"vc_column-inner us_custom_d628d18a us_animate_this\"><div class=\"wpb_wrapper\"><div class=\"w-image align_center\"><div class=\"w-image-h\"><img decoding=\"async\" width=\"1920\" height=\"1280\" src=\"https:\/\/cay-automotive.hr\/wp-content\/uploads\/2022\/09\/slider-02.jpg\" class=\"attachment-full size-full\" alt=\"\" loading=\"lazy\" srcset=\"https:\/\/cay-automotive.hr\/wp-content\/uploads\/2022\/09\/slider-02.jpg 1920w, https:\/\/cay-automotive.hr\/wp-content\/uploads\/2022\/09\/slider-02-300x200.jpg 300w, https:\/\/cay-automotive.hr\/wp-content\/uploads\/2022\/09\/slider-02-1024x683.jpg 1024w\" sizes=\"auto, (max-width: 1920px) 100vw, 1920px\" \/><\/div><\/div><\/div><\/div><\/div><\/div><\/div><\/div><\/div><\/div><\/div><\/section><section class=\"l-section wpb_row us_custom_100c5242 bivz-usluge-top height_medium\"><div class=\"l-section-overlay\" style=\"background:rgba(255,255,255,0.89)\"><\/div><div class=\"l-section-h i-cf\"><div class=\"g-cols vc_row via_flex valign_top type_default stacking_default\"><div class=\"vc_col-sm-12 vc_col-xs-12 wpb_column vc_column_container\"><div class=\"vc_column-inner\"><div class=\"wpb_wrapper\"><div class=\"g-cols wpb_row via_flex valign_top type_default stacking_default\"><div class=\"vc_col-sm-4 wpb_column vc_column_container\"><div class=\"vc_column-inner\"><div class=\"wpb_wrapper\"><h4 class=\"w-text us_custom_aa267d04 us_animate_this\"><span class=\"w-text-h\"><span class=\"w-text-value\">Overview of our services:<\/span><\/span><\/h4><div class=\"w-image us_custom_12116702 style_outlined align_none\"><div class=\"w-image-h\"><img decoding=\"async\" width=\"1024\" height=\"576\" src=\"https:\/\/cay-automotive.hr\/wp-content\/uploads\/2022\/10\/trim-01-v2-1024x576.jpg\" class=\"attachment-large size-large\" alt=\"\" loading=\"lazy\" srcset=\"https:\/\/cay-automotive.hr\/wp-content\/uploads\/2022\/10\/trim-01-v2-1024x576.jpg 1024w, https:\/\/cay-automotive.hr\/wp-content\/uploads\/2022\/10\/trim-01-v2-300x169.jpg 300w, https:\/\/cay-automotive.hr\/wp-content\/uploads\/2022\/10\/trim-01-v2.jpg 1200w\" sizes=\"auto, (max-width: 1024px) 100vw, 1024px\" \/><\/div><\/div><\/div><\/div><\/div><div class=\"vc_col-sm-4 wpb_column vc_column_container\"><div class=\"vc_column-inner\"><div class=\"wpb_wrapper\"><div class=\"w-separator us_custom_1e12350c hide_on_laptops hide_on_tablets hide_on_mobiles size_medium\"><\/div><p class=\"w-text us_custom_3d2f0167\"><span class=\"w-text-h\"><span class=\"w-text-value\">Trim<\/span><\/span><\/p><div class=\"wpb_text_column\"><div class=\"wpb_wrapper\"><ul>\n<li>Cutting development<\/li>\n<li>Leather covering<\/li>\n<li>Conceal<\/li>\n<li>Sharpen<\/li>\n<\/ul>\n<\/div><\/div><div class=\"w-separator us_custom_f1b8e4e3 size_small\"><\/div><div class=\"w-btn-wrapper align_none\"><a class=\"w-btn us-btn-style_2 icon_atright\" title=\"Gallery\" href=\"https:\/\/cay-automotive.hr\/en\/gallery\/trim\/\"><span class=\"w-btn-label\">Gallery<\/span><i class=\"far fa-chevron-right\"><\/i><\/a><\/div><\/div><\/div><\/div><div class=\"vc_col-sm-4 wpb_column vc_column_container\"><div class=\"vc_column-inner\"><div class=\"wpb_wrapper\"><div class=\"w-separator us_custom_1e12350c hide_on_laptops hide_on_tablets hide_on_mobiles size_medium\"><\/div><div class=\"w-image dva-sjedala align_none\"><div class=\"w-image-h\"><img decoding=\"async\" width=\"300\" height=\"255\" src=\"https:\/\/cay-automotive.hr\/wp-content\/uploads\/2022\/10\/2-sjedala-300x255.png\" class=\"attachment-medium size-medium\" alt=\"\" loading=\"lazy\" srcset=\"https:\/\/cay-automotive.hr\/wp-content\/uploads\/2022\/10\/2-sjedala-300x255.png 300w, https:\/\/cay-automotive.hr\/wp-content\/uploads\/2022\/10\/2-sjedala.png 823w\" sizes=\"auto, (max-width: 300px) 100vw, 300px\" \/><\/div><\/div><\/div><\/div><\/div><\/div><\/div><\/div><\/div><\/div><\/div><\/section><section class=\"l-section wpb_row height_medium\"><div class=\"l-section-h i-cf\"><div class=\"g-cols vc_row via_flex valign_top type_default stacking_default\"><div class=\"vc_col-sm-12 wpb_column vc_column_container\"><div class=\"vc_column-inner\"><div class=\"wpb_wrapper\"><div class=\"g-cols wpb_row via_flex valign_top type_default stacking_default\"><div class=\"vc_col-sm-4 wpb_column vc_column_container\"><div class=\"vc_column-inner us_custom_7e20fa79 us_animate_this\"><div class=\"wpb_wrapper\"><div class=\"w-image us_custom_12116702 style_outlined align_none\"><div class=\"w-image-h\"><img decoding=\"async\" width=\"900\" height=\"506\" src=\"https:\/\/cay-automotive.hr\/wp-content\/uploads\/2023\/01\/01-usluga-car-mustang-v2.jpg\" class=\"attachment-full size-full\" alt=\"Car\" loading=\"lazy\" srcset=\"https:\/\/cay-automotive.hr\/wp-content\/uploads\/2023\/01\/01-usluga-car-mustang-v2.jpg 900w, https:\/\/cay-automotive.hr\/wp-content\/uploads\/2023\/01\/01-usluga-car-mustang-v2-300x169.jpg 300w\" sizes=\"auto, (max-width: 900px) 100vw, 900px\" \/><\/div><\/div><div class=\"w-separator size_custom\" style=\"height:0.7rem\"><\/div><div class=\"wpb_text_column\"><div class=\"wpb_wrapper\"><p><strong><span class=\"istaknuto-prvo-slovo\">C<\/span>AR &#8211; AUTOMOTIVE<\/strong><\/p>\n<ul>\n<li>Exclusive interior design<\/li>\n<li>Individual custommade products<\/li>\n<li>Carpets<\/li>\n<li>With fabric and leather<\/li>\n<\/ul>\n<\/div><\/div><div class=\"w-separator hide_on_default size_small\"><\/div><div class=\"w-btn-wrapper align_none hide_on_default\"><a class=\"w-btn us-btn-style_2 icon_atright\" title=\"Gallery\" href=\"https:\/\/cay-automotive.hr\/en\/gallery\/cars\/\"><span class=\"w-btn-label\">Car Gallery<\/span><i class=\"far fa-chevron-right\"><\/i><\/a><\/div><div class=\"w-separator size_small\"><\/div><\/div><\/div><\/div><div class=\"vc_col-sm-4 wpb_column vc_column_container\"><div class=\"vc_column-inner us_custom_7e20fa79 us_animate_this\"><div class=\"wpb_wrapper\"><div class=\"w-image us_custom_12116702 style_outlined align_none\"><div class=\"w-image-h\"><img decoding=\"async\" width=\"900\" height=\"506\" src=\"https:\/\/cay-automotive.hr\/wp-content\/uploads\/2022\/09\/02-usluga-air.jpg\" class=\"attachment-full size-full\" alt=\"\" loading=\"lazy\" srcset=\"https:\/\/cay-automotive.hr\/wp-content\/uploads\/2022\/09\/02-usluga-air.jpg 900w, https:\/\/cay-automotive.hr\/wp-content\/uploads\/2022\/09\/02-usluga-air-300x169.jpg 300w\" sizes=\"auto, (max-width: 900px) 100vw, 900px\" \/><\/div><\/div><div class=\"w-separator size_custom\" style=\"height:0.7rem\"><\/div><div class=\"wpb_text_column\"><div class=\"wpb_wrapper\"><p><strong><span class=\"istaknuto-prvo-slovo\">A<\/span>IR &#8211; AIRPLANE<\/strong><\/p>\n<ul>\n<li>Exclusive interior design<\/li>\n<li>Individual custommade products<\/li>\n<li>With fabric and leather<\/li>\n<\/ul>\n<\/div><\/div><div class=\"w-separator hide_on_default size_small\"><\/div><div class=\"w-btn-wrapper align_none hide_on_default\"><a class=\"w-btn us-btn-style_2 icon_atright\" title=\"Gallery\" href=\"https:\/\/cay-automotive.hr\/en\/gallery\/air\/\"><span class=\"w-btn-label\">Air Gallery<\/span><i class=\"far fa-chevron-right\"><\/i><\/a><\/div><div class=\"w-separator size_small\"><\/div><\/div><\/div><\/div><div class=\"vc_col-sm-4 wpb_column vc_column_container\"><div class=\"vc_column-inner us_custom_7e20fa79 us_animate_this\"><div class=\"wpb_wrapper\"><div class=\"w-image us_custom_12116702 style_outlined align_none\"><div class=\"w-image-h\"><img decoding=\"async\" width=\"800\" height=\"450\" src=\"https:\/\/cay-automotive.hr\/wp-content\/uploads\/2022\/09\/03-usluga-yachting.jpg\" class=\"attachment-full size-full\" alt=\"\" loading=\"lazy\" srcset=\"https:\/\/cay-automotive.hr\/wp-content\/uploads\/2022\/09\/03-usluga-yachting.jpg 800w, https:\/\/cay-automotive.hr\/wp-content\/uploads\/2022\/09\/03-usluga-yachting-300x169.jpg 300w\" sizes=\"auto, (max-width: 800px) 100vw, 800px\" \/><\/div><\/div><div class=\"w-separator size_custom\" style=\"height:0.7rem\"><\/div><div class=\"wpb_text_column\"><div class=\"wpb_wrapper\"><p><strong><span class=\"istaknuto-prvo-slovo\">Y<\/span>ACHTING<\/strong><\/p>\n<ul>\n<li>Upholstery<\/li>\n<li>Individual custommade products<\/li>\n<li>Upholstery of furniture<\/li>\n<li>With fabric and leather<\/li>\n<\/ul>\n<\/div><\/div><div class=\"w-separator hide_on_default size_small\"><\/div><div class=\"w-btn-wrapper align_none hide_on_default\"><a class=\"w-btn us-btn-style_2 icon_atright\" title=\"Gallery\" href=\"https:\/\/cay-automotive.hr\/en\/gallery\/yachting\/\"><span class=\"w-btn-label\">Yachting Gallery<\/span><i class=\"far fa-chevron-right\"><\/i><\/a><\/div><div class=\"w-separator size_small\"><\/div><\/div><\/div><\/div><\/div><div class=\"g-cols wpb_row hide_on_laptops hide_on_tablets hide_on_mobiles via_flex valign_top type_default stacking_default\"><div class=\"vc_col-sm-4 wpb_column vc_column_container\"><div class=\"vc_column-inner\"><div class=\"wpb_wrapper\"><div class=\"w-btn-wrapper align_none\"><a class=\"w-btn us-btn-style_2 icon_atright\" title=\"Gallery\" href=\"https:\/\/cay-automotive.hr\/en\/gallery\/cars\/\"><span class=\"w-btn-label\">Car Gallery<\/span><i class=\"far fa-chevron-right\"><\/i><\/a><\/div><\/div><\/div><\/div><div class=\"vc_col-sm-4 wpb_column vc_column_container\"><div class=\"vc_column-inner\"><div class=\"wpb_wrapper\"><div class=\"w-btn-wrapper align_none\"><a class=\"w-btn us-btn-style_2 icon_atright\" title=\"Gallery\" href=\"https:\/\/cay-automotive.hr\/en\/gallery\/air\/\"><span class=\"w-btn-label\">Air Gallery<\/span><i class=\"far fa-chevron-right\"><\/i><\/a><\/div><\/div><\/div><\/div><div class=\"vc_col-sm-4 wpb_column vc_column_container\"><div class=\"vc_column-inner\"><div class=\"wpb_wrapper\"><div class=\"w-btn-wrapper align_none\"><a class=\"w-btn us-btn-style_2 icon_atright\" title=\"Gallery\" href=\"https:\/\/cay-automotive.hr\/en\/gallery\/yachting\/\"><span class=\"w-btn-label\">Yachting Gallery<\/span><i class=\"far fa-chevron-right\"><\/i><\/a><\/div><\/div><\/div><\/div><\/div><\/div><\/div><\/div><\/div><\/div><\/section>\n\n","protected":false},"excerpt":{"rendered":"Structural Know How and professional competence Handwork in perfection Traditional handwork High quality and precision Cars | Air | Yachting Welcome, Do you value the special and look for an individual note and an exclusive appearance for your car, airplane or yacht? Then CAY-Automotive is the right place for you. Our experienced team starts there,...","protected":false},"author":1,"featured_media":0,"parent":0,"menu_order":1,"comment_status":"closed","ping_status":"closed","template":"","meta":{"footnotes":""},"class_list":["post-1026","page","type-page","status-publish","hentry"],"yoast_head":"<!-- This site is optimized with the Yoast SEO plugin v26.4 - https:\/\/yoast.com\/wordpress\/plugins\/seo\/ -->\n<title>CAY - Automotive | High quality and precision<\/title>\n<meta name=\"description\" content=\"Our experienced team starts there, where modern series production reaches its limits.\" \/>\n<meta name=\"robots\" content=\"index, follow, max-snippet:-1, max-image-preview:large, max-video-preview:-1\" \/>\n<link rel=\"canonical\" href=\"https:\/\/cay-automotive.hr\/en\/\" \/>\n<meta property=\"og:locale\" content=\"en_US\" \/>\n<meta property=\"og:type\" content=\"article\" \/>\n<meta property=\"og:title\" content=\"CAY - Automotive | High quality and precision\" \/>\n<meta property=\"og:description\" content=\"Our experienced team starts there, where modern series production reaches its limits.\" \/>\n<meta property=\"og:url\" content=\"https:\/\/cay-automotive.hr\/en\/\" \/>\n<meta property=\"og:site_name\" content=\"CAY - Automotive\" \/>\n<meta property=\"article:publisher\" content=\"https:\/\/www.facebook.com\/CAY.Automotive\/\" \/>\n<meta property=\"article:modified_time\" content=\"2025-10-19T13:02:59+00:00\" \/>\n<meta property=\"og:image\" content=\"https:\/\/cay-automotive.hr\/wp-content\/uploads\/2022\/09\/fb-cover.jpg\" \/>\n\t<meta property=\"og:image:width\" content=\"1200\" \/>\n\t<meta property=\"og:image:height\" content=\"628\" \/>\n\t<meta property=\"og:image:type\" content=\"image\/jpeg\" \/>\n<meta name=\"twitter:card\" content=\"summary_large_image\" \/>\n<script type=\"application\/ld+json\" class=\"yoast-schema-graph\">{\"@context\":\"https:\/\/schema.org\",\"@graph\":[{\"@type\":\"WebPage\",\"@id\":\"https:\/\/cay-automotive.hr\/en\/\",\"url\":\"https:\/\/cay-automotive.hr\/en\/\",\"name\":\"CAY - Automotive | High quality and precision\",\"isPartOf\":{\"@id\":\"https:\/\/cay-automotive.hr\/en\/#website\"},\"datePublished\":\"2022-02-02T19:51:42+00:00\",\"dateModified\":\"2025-10-19T13:02:59+00:00\",\"description\":\"Our experienced team starts there, where modern series production reaches its limits.\",\"breadcrumb\":{\"@id\":\"https:\/\/cay-automotive.hr\/en\/#breadcrumb\"},\"inLanguage\":\"en-US\",\"potentialAction\":[{\"@type\":\"ReadAction\",\"target\":[\"https:\/\/cay-automotive.hr\/en\/\"]}]},{\"@type\":\"BreadcrumbList\",\"@id\":\"https:\/\/cay-automotive.hr\/en\/#breadcrumb\",\"itemListElement\":[{\"@type\":\"ListItem\",\"position\":1,\"name\":\"Po\u010detna stranica\",\"item\":\"https:\/\/cay-automotive.hr\/en\/home\/\"},{\"@type\":\"ListItem\",\"position\":2,\"name\":\"Home\"}]},{\"@type\":\"WebSite\",\"@id\":\"https:\/\/cay-automotive.hr\/en\/#website\",\"url\":\"https:\/\/cay-automotive.hr\/en\/\",\"name\":\"CAY - Automotive\",\"description\":\"H\u00f6chste Qualit\u00e4t und Pr\u00e4zision\",\"publisher\":{\"@id\":\"https:\/\/cay-automotive.hr\/en\/#organization\"},\"potentialAction\":[{\"@type\":\"SearchAction\",\"target\":{\"@type\":\"EntryPoint\",\"urlTemplate\":\"https:\/\/cay-automotive.hr\/en\/?s={search_term_string}\"},\"query-input\":{\"@type\":\"PropertyValueSpecification\",\"valueRequired\":true,\"valueName\":\"search_term_string\"}}],\"inLanguage\":\"en-US\"},{\"@type\":\"Organization\",\"@id\":\"https:\/\/cay-automotive.hr\/en\/#organization\",\"name\":\"CAY - Automotive\",\"url\":\"https:\/\/cay-automotive.hr\/en\/\",\"logo\":{\"@type\":\"ImageObject\",\"inLanguage\":\"en-US\",\"@id\":\"https:\/\/cay-automotive.hr\/en\/#\/schema\/logo\/image\/\",\"url\":\"https:\/\/cay-automotive.hr\/wp-content\/uploads\/2022\/04\/logo.png\",\"contentUrl\":\"https:\/\/cay-automotive.hr\/wp-content\/uploads\/2022\/04\/logo.png\",\"width\":627,\"height\":130,\"caption\":\"CAY - Automotive\"},\"image\":{\"@id\":\"https:\/\/cay-automotive.hr\/en\/#\/schema\/logo\/image\/\"},\"sameAs\":[\"https:\/\/www.facebook.com\/CAY.Automotive\/\"]}]}<\/script>\n<!-- \/ Yoast SEO plugin. -->","yoast_head_json":{"title":"CAY - Automotive | High quality and precision","description":"Our experienced team starts there, where modern series production reaches its limits.","robots":{"index":"index","follow":"follow","max-snippet":"max-snippet:-1","max-image-preview":"max-image-preview:large","max-video-preview":"max-video-preview:-1"},"canonical":"https:\/\/cay-automotive.hr\/en\/","og_locale":"en_US","og_type":"article","og_title":"CAY - Automotive | High quality and precision","og_description":"Our experienced team starts there, where modern series production reaches its limits.","og_url":"https:\/\/cay-automotive.hr\/en\/","og_site_name":"CAY - Automotive","article_publisher":"https:\/\/www.facebook.com\/CAY.Automotive\/","article_modified_time":"2025-10-19T13:02:59+00:00","og_image":[{"width":1200,"height":628,"url":"https:\/\/cay-automotive.hr\/wp-content\/uploads\/2022\/09\/fb-cover.jpg","type":"image\/jpeg"}],"twitter_card":"summary_large_image","schema":{"@context":"https:\/\/schema.org","@graph":[{"@type":"WebPage","@id":"https:\/\/cay-automotive.hr\/en\/","url":"https:\/\/cay-automotive.hr\/en\/","name":"CAY - Automotive | High quality and precision","isPartOf":{"@id":"https:\/\/cay-automotive.hr\/en\/#website"},"datePublished":"2022-02-02T19:51:42+00:00","dateModified":"2025-10-19T13:02:59+00:00","description":"Our experienced team starts there, where modern series production reaches its limits.","breadcrumb":{"@id":"https:\/\/cay-automotive.hr\/en\/#breadcrumb"},"inLanguage":"en-US","potentialAction":[{"@type":"ReadAction","target":["https:\/\/cay-automotive.hr\/en\/"]}]},{"@type":"BreadcrumbList","@id":"https:\/\/cay-automotive.hr\/en\/#breadcrumb","itemListElement":[{"@type":"ListItem","position":1,"name":"Po\u010detna stranica","item":"https:\/\/cay-automotive.hr\/en\/home\/"},{"@type":"ListItem","position":2,"name":"Home"}]},{"@type":"WebSite","@id":"https:\/\/cay-automotive.hr\/en\/#website","url":"https:\/\/cay-automotive.hr\/en\/","name":"CAY - Automotive","description":"H\u00f6chste Qualit\u00e4t und Pr\u00e4zision","publisher":{"@id":"https:\/\/cay-automotive.hr\/en\/#organization"},"potentialAction":[{"@type":"SearchAction","target":{"@type":"EntryPoint","urlTemplate":"https:\/\/cay-automotive.hr\/en\/?s={search_term_string}"},"query-input":{"@type":"PropertyValueSpecification","valueRequired":true,"valueName":"search_term_string"}}],"inLanguage":"en-US"},{"@type":"Organization","@id":"https:\/\/cay-automotive.hr\/en\/#organization","name":"CAY - Automotive","url":"https:\/\/cay-automotive.hr\/en\/","logo":{"@type":"ImageObject","inLanguage":"en-US","@id":"https:\/\/cay-automotive.hr\/en\/#\/schema\/logo\/image\/","url":"https:\/\/cay-automotive.hr\/wp-content\/uploads\/2022\/04\/logo.png","contentUrl":"https:\/\/cay-automotive.hr\/wp-content\/uploads\/2022\/04\/logo.png","width":627,"height":130,"caption":"CAY - Automotive"},"image":{"@id":"https:\/\/cay-automotive.hr\/en\/#\/schema\/logo\/image\/"},"sameAs":["https:\/\/www.facebook.com\/CAY.Automotive\/"]}]}},"_links":{"self":[{"href":"https:\/\/cay-automotive.hr\/en\/wp-json\/wp\/v2\/pages\/1026","targetHints":{"allow":["GET"]}}],"collection":[{"href":"https:\/\/cay-automotive.hr\/en\/wp-json\/wp\/v2\/pages"}],"about":[{"href":"https:\/\/cay-automotive.hr\/en\/wp-json\/wp\/v2\/types\/page"}],"author":[{"embeddable":true,"href":"https:\/\/cay-automotive.hr\/en\/wp-json\/wp\/v2\/users\/1"}],"replies":[{"embeddable":true,"href":"https:\/\/cay-automotive.hr\/en\/wp-json\/wp\/v2\/comments?post=1026"}],"version-history":[{"count":21,"href":"https:\/\/cay-automotive.hr\/en\/wp-json\/wp\/v2\/pages\/1026\/revisions"}],"predecessor-version":[{"id":1242,"href":"https:\/\/cay-automotive.hr\/en\/wp-json\/wp\/v2\/pages\/1026\/revisions\/1242"}],"wp:attachment":[{"href":"https:\/\/cay-automotive.hr\/en\/wp-json\/wp\/v2\/media?parent=1026"}],"curies":[{"name":"wp","href":"https:\/\/api.w.org\/{rel}","templated":true}]}}